{"id":832,"date":"2026-04-06T13:19:18","date_gmt":"2026-04-06T13:19:18","guid":{"rendered":"https:\/\/ivorycoastcbhexpo.com\/?page_id=832"},"modified":"2026-04-06T13:20:29","modified_gmt":"2026-04-06T13:20:29","slug":"inscrivez-vous-maintenant-concours-de-coiffure","status":"publish","type":"page","link":"https:\/\/ivorycoastcbhexpo.com\/fr\/inscrivez-vous-maintenant-concours-de-coiffure\/","title":{"rendered":"Inscrivez-vous maintenant \u2013 Concours de Coiffure"},"content":{"rendered":"<div data-elementor-type=\"wp-page\" data-elementor-id=\"832\" class=\"elementor elementor-832\">\n\t\t\t\t<div class=\"elementor-element elementor-element-fd4eb7a e-flex e-con-boxed e-con e-parent\" data-id=\"fd4eb7a\" data-element_type=\"container\">\n\t\t\t\t\t<div class=\"e-con-inner\">\n\t\t<div class=\"elementor-element elementor-element-ecf874a e-con-full e-flex e-con e-child\" data-id=\"ecf874a\" data-element_type=\"container\">\n\t\t\t\t<div class=\"elementor-element elementor-element-9c4ba44 elementor-widget elementor-widget-image\" data-id=\"9c4ba44\" data-element_type=\"widget\" data-widget_type=\"image.default\">\n\t\t\t\t<div class=\"elementor-widget-container\">\n\t\t\t\t\t\t\t\t\t\t\t\t\t\t\t<img fetchpriority=\"high\" decoding=\"async\" width=\"819\" height=\"1024\" src=\"https:\/\/ivorycoastcbhexpo.com\/wp-content\/uploads\/2026\/04\/Contest-03-819x1024.jpg\" class=\"attachment-large size-large wp-image-834\" alt=\"\" srcset=\"https:\/\/ivorycoastcbhexpo.com\/wp-content\/uploads\/2026\/04\/Contest-03-819x1024.jpg 819w, https:\/\/ivorycoastcbhexpo.com\/wp-content\/uploads\/2026\/04\/Contest-03-240x300.jpg 240w, https:\/\/ivorycoastcbhexpo.com\/wp-content\/uploads\/2026\/04\/Contest-03-768x960.jpg 768w, https:\/\/ivorycoastcbhexpo.com\/wp-content\/uploads\/2026\/04\/Contest-03-1229x1536.jpg 1229w, https:\/\/ivorycoastcbhexpo.com\/wp-content\/uploads\/2026\/04\/Contest-03-1639x2048.jpg 1639w, https:\/\/ivorycoastcbhexpo.com\/wp-content\/uploads\/2026\/04\/Contest-03-10x12.jpg 10w, https:\/\/ivorycoastcbhexpo.com\/wp-content\/uploads\/2026\/04\/Contest-03-scaled.jpg 2048w\" sizes=\"(max-width: 819px) 100vw, 819px\" \/>\t\t\t\t\t\t\t\t\t\t\t\t\t\t\t<\/div>\n\t\t\t\t<\/div>\n\t\t\t\t<\/div>\n\t\t<div class=\"elementor-element elementor-element-3b9bf29 e-con-full e-flex e-con e-child\" data-id=\"3b9bf29\" data-element_type=\"container\">\n\t\t\t\t<div class=\"elementor-element elementor-element-57f5f20 elementor-widget elementor-widget-text-editor\" data-id=\"57f5f20\" data-element_type=\"widget\" data-widget_type=\"text-editor.default\">\n\t\t\t\t<div class=\"elementor-widget-container\">\n\t\t\t\t\t\t\t\t\t<p>PARTICIPEZ AU GRAND CONCOURS DE COIFFURE \u2013 CBH EXPO 2026<\/p><p>Dans le cadre du CBH EXPO 2026, prenez part \u00e0 un concours de coiffure exceptionnel r\u00e9unissant les talents les plus prometteurs et les professionnels du secteur.<\/p><p>\ud83c\udfc6 De nombreux prix sont \u00e0 gagner pour les meilleurs participants<\/p><p>\ud83d\udcc5 Date : 16 avril 2026<br \/>\ud83d\udccd Lieu : Parc des Expositions<\/p><p>\u26a0\ufe0f Places limit\u00e9es \u2013 s\u00e9lection sur inscription<br \/>\ud83d\udc49 Inscription obligatoire avant le 10 avril 2026<\/p><p>\ud83d\udcde Informations &amp; r\u00e9servations : 05 65 06 63 02<\/p><p>Venez d\u00e9montrer votre expertise, r\u00e9v\u00e9ler votre cr\u00e9ativit\u00e9 et vous imposer comme une r\u00e9f\u00e9rence dans l\u2019univers de la coiffure.<\/p>\t\t\t\t\t\t\t\t<\/div>\n\t\t\t\t<\/div>\n\t\t\t\t<div class=\"elementor-element elementor-element-531be60 elementor-widget elementor-widget-shortcode\" data-id=\"531be60\" data-element_type=\"widget\" data-widget_type=\"shortcode.default\">\n\t\t\t\t<div class=\"elementor-widget-container\">\n\t\t\t\t\t\t\t<div class=\"elementor-shortcode\">\n<div class=\"wpcf7 no-js\" id=\"wpcf7-f831-o1\" lang=\"tr-TR\" dir=\"ltr\" data-wpcf7-id=\"831\">\n<div class=\"screen-reader-response\"><p role=\"status\" aria-live=\"polite\" aria-atomic=\"true\"><\/p> <ul><\/ul><\/div>\n<form action=\"\/fr\/wp-json\/wp\/v2\/pages\/832#wpcf7-f831-o1\" method=\"post\" class=\"wpcf7-form init\" aria-label=\"\u0130leti\u015fim Formu\" novalidate=\"novalidate\" data-status=\"init\" data-trp-original-action=\"\/fr\/wp-json\/wp\/v2\/pages\/832#wpcf7-f831-o1\">\n<fieldset class=\"hidden-fields-container\"><input type=\"hidden\" name=\"_wpcf7\" value=\"831\" \/><input type=\"hidden\" name=\"_wpcf7_version\" value=\"6.1.5\" \/><input type=\"hidden\" name=\"_wpcf7_locale\" value=\"tr_TR\" \/><input type=\"hidden\" name=\"_wpcf7_unit_tag\" value=\"wpcf7-f831-o1\" \/><input type=\"hidden\" name=\"_wpcf7_container_post\" value=\"0\" \/><input type=\"hidden\" name=\"_wpcf7_posted_data_hash\" value=\"\" \/>\n<\/fieldset>\n<div class=\"cf7-grid-container\">\n\t<div class=\"cf7-row\">\n\t\t<div class=\"cf7-column\">\n\t\t\t<p><label> Nom et Pr\u00e9nom *<\/label><br \/>\n<span class=\"wpcf7-form-control-wrap\" data-name=\"your-name\"><input size=\"40\" maxlength=\"400\" class=\"wpcf7-form-control wpcf7-text wpcf7-validates-as-required\" aria-required=\"true\" aria-invalid=\"false\" placeholder=\"Jean Dupont\" value=\"\" type=\"text\" name=\"your-name\" \/><\/span>\n\t\t\t<\/p>\n\t\t<\/div>\n\t\t<div class=\"cf7-column\">\n\t\t\t<p><label> T\u00e9l\u00e9phone *<\/label><br \/>\n<span class=\"wpcf7-form-control-wrap\" data-name=\"your-phone\"><input size=\"40\" maxlength=\"400\" class=\"wpcf7-form-control wpcf7-tel wpcf7-validates-as-required wpcf7-text wpcf7-validates-as-tel\" aria-required=\"true\" aria-invalid=\"false\" placeholder=\"06 12 34 56 78\" value=\"\" type=\"tel\" name=\"your-phone\" \/><\/span>\n\t\t\t<\/p>\n\t\t<\/div>\n\t<\/div>\n\t<div class=\"cf7-row\">\n\t\t<div class=\"cf7-column\">\n\t\t\t<p><label> Adresse E-mail *<\/label><br \/>\n<span class=\"wpcf7-form-control-wrap\" data-name=\"your-email\"><input size=\"40\" maxlength=\"400\" class=\"wpcf7-form-control wpcf7-email wpcf7-validates-as-required wpcf7-text wpcf7-validates-as-email\" aria-required=\"true\" aria-invalid=\"false\" placeholder=\"email@exemple.com\" value=\"\" type=\"email\" name=\"your-email\" \/><\/span>\n\t\t\t<\/p>\n\t\t<\/div>\n\t\t<div class=\"cf7-column\">\n\t\t\t<p><label> Compte Instagram *<\/label><br \/>\n<span class=\"wpcf7-form-control-wrap\" data-name=\"your-social-link\"><input size=\"40\" maxlength=\"400\" class=\"wpcf7-form-control wpcf7-text wpcf7-validates-as-required\" aria-required=\"true\" aria-invalid=\"false\" placeholder=\"votre_pseudo ou lien URL\" value=\"\" type=\"text\" name=\"your-social-link\" \/><\/span>\n\t\t\t<\/p>\n\t\t<\/div>\n\t<\/div>\n\t<div class=\"cf7-full-width\">\n\t\t<p><label> Choisissez votre concours *<\/label><br \/>\n<span class=\"wpcf7-form-control-wrap\" data-name=\"menu-concours\"><select class=\"wpcf7-form-control wpcf7-select wpcf7-validates-as-required\" aria-required=\"true\" aria-invalid=\"false\" name=\"menu-concours\"><option value=\"\">Veuillez choisir une option<\/option><option value=\"Concours de Coiffure\">Concours de Coiffure<\/option><option value=\"Make-Up Artist\">Make-Up Artist<\/option><\/select><\/span>\n\t\t<\/p>\n\t<\/div>\n\t<div class=\"cf7-submit\">\n\t\t<p><input class=\"wpcf7-form-control wpcf7-submit has-spinner\" type=\"submit\" value=\"Envoyer la candidature\" \/>\n\t\t<\/p>\n\t<\/div>\n<\/div><div class=\"wpcf7-response-output\" aria-hidden=\"true\"><\/div>\n<input type=\"hidden\" name=\"trp-form-language\" value=\"fr\"\/><\/form>\n<\/div>\n<\/div>\n\t\t\t\t\t\t<\/div>\n\t\t\t\t<\/div>\n\t\t\t\t<\/div>\n\t\t\t\t\t<\/div>\n\t\t\t\t<\/div>\n\t\t\t\t<\/div>","protected":false},"excerpt":{"rendered":"<p>PARTICIPEZ AU GRAND CONCOURS DE COIFFURE \u2013 CBH EXPO 2026 Dans le cadre du CBH EXPO 2026, prenez part \u00e0 [&hellip;]<\/p>","protected":false},"author":1,"featured_media":0,"parent":0,"menu_order":0,"comment_status":"closed","ping_status":"closed","template":"","meta":{"site-sidebar-layout":"no-sidebar","site-content-layout":"","ast-site-content-layout":"full-width-container","site-content-style":"default","site-sidebar-style":"default","ast-global-header-display":"","ast-banner-title-visibility":"","ast-main-header-display":"","ast-hfb-above-header-display":"","ast-hfb-below-header-display":"","ast-hfb-mobile-header-display":"","site-post-title":"","ast-breadcrumbs-content":"","ast-featured-img":"disabled","footer-sml-layout":"","ast-disable-related-posts":"","theme-transparent-header-meta":"","adv-header-id-meta":"","stick-header-meta":"","header-above-stick-meta":"","header-main-stick-meta":"","header-below-stick-meta":"","astra-migrate-meta-layouts":"default","ast-page-background-enabled":"default","ast-page-background-meta":{"desktop":{"background-color":"var(--ast-global-color-5)","background-image":"","background-repeat":"repeat","background-position":"center center","background-size":"auto","background-attachment":"scroll","background-type":"","background-media":"","overlay-type":"","overlay-color":"","overlay-opacity":"","overlay-gradient":""},"tablet":{"background-color":"","background-image":"","background-repeat":"repeat","background-position":"center center","background-size":"auto","background-attachment":"scroll","background-type":"","background-media":"","overlay-type":"","overlay-color":"","overlay-opacity":"","overlay-gradient":""},"mobile":{"background-color":"","background-image":"","background-repeat":"repeat","background-position":"center center","background-size":"auto","background-attachment":"scroll","background-type":"","background-media":"","overlay-type":"","overlay-color":"","overlay-opacity":"","overlay-gradient":""}},"ast-content-background-meta":{"desktop":{"background-color":"var(--ast-global-color-4)","background-image":"","background-repeat":"repeat","background-position":"center center","background-size":"auto","background-attachment":"scroll","background-type":"","background-media":"","overlay-type":"","overlay-color":"","overlay-opacity":"","overlay-gradient":""},"tablet":{"background-color":"var(--ast-global-color-4)","background-image":"","background-repeat":"repeat","background-position":"center center","background-size":"auto","background-attachment":"scroll","background-type":"","background-media":"","overlay-type":"","overlay-color":"","overlay-opacity":"","overlay-gradient":""},"mobile":{"background-color":"var(--ast-global-color-4)","background-image":"","background-repeat":"repeat","background-position":"center center","background-size":"auto","background-attachment":"scroll","background-type":"","background-media":"","overlay-type":"","overlay-color":"","overlay-opacity":"","overlay-gradient":""}},"footnotes":""},"class_list":["post-832","page","type-page","status-publish","hentry"],"_links":{"self":[{"href":"https:\/\/ivorycoastcbhexpo.com\/fr\/wp-json\/wp\/v2\/pages\/832","targetHints":{"allow":["GET"]}}],"collection":[{"href":"https:\/\/ivorycoastcbhexpo.com\/fr\/wp-json\/wp\/v2\/pages"}],"about":[{"href":"https:\/\/ivorycoastcbhexpo.com\/fr\/wp-json\/wp\/v2\/types\/page"}],"author":[{"embeddable":true,"href":"https:\/\/ivorycoastcbhexpo.com\/fr\/wp-json\/wp\/v2\/users\/1"}],"replies":[{"embeddable":true,"href":"https:\/\/ivorycoastcbhexpo.com\/fr\/wp-json\/wp\/v2\/comments?post=832"}],"version-history":[{"count":4,"href":"https:\/\/ivorycoastcbhexpo.com\/fr\/wp-json\/wp\/v2\/pages\/832\/revisions"}],"predecessor-version":[{"id":837,"href":"https:\/\/ivorycoastcbhexpo.com\/fr\/wp-json\/wp\/v2\/pages\/832\/revisions\/837"}],"wp:attachment":[{"href":"https:\/\/ivorycoastcbhexpo.com\/fr\/wp-json\/wp\/v2\/media?parent=832"}],"curies":[{"name":"wp","href":"https:\/\/api.w.org\/{rel}","templated":true}]}}