{"id":811,"date":"2026-04-06T12:39:05","date_gmt":"2026-04-06T12:39:05","guid":{"rendered":"https:\/\/ivorycoastcbhexpo.com\/?page_id=811"},"modified":"2026-04-06T12:44:27","modified_gmt":"2026-04-06T12:44:27","slug":"inscrivez-vous-maintenant-make-up-artist","status":"publish","type":"page","link":"https:\/\/ivorycoastcbhexpo.com\/fr\/inscrivez-vous-maintenant-make-up-artist\/","title":{"rendered":"Inscrivez-vous maintenant \u2013 Make-Up Artist"},"content":{"rendered":"<div data-elementor-type=\"wp-page\" data-elementor-id=\"811\" class=\"elementor elementor-811\">\n\t\t\t\t<div class=\"elementor-element elementor-element-c7c13f4 e-flex e-con-boxed e-con e-parent\" data-id=\"c7c13f4\" data-element_type=\"container\">\n\t\t\t\t\t<div class=\"e-con-inner\">\n\t\t<div class=\"elementor-element elementor-element-6f05346 e-con-full e-flex e-con e-child\" data-id=\"6f05346\" data-element_type=\"container\">\n\t\t\t\t<div class=\"elementor-element elementor-element-f357a70 elementor-widget elementor-widget-image\" data-id=\"f357a70\" data-element_type=\"widget\" data-widget_type=\"image.default\">\n\t\t\t\t<div class=\"elementor-widget-container\">\n\t\t\t\t\t\t\t\t\t\t\t\t\t\t\t<img fetchpriority=\"high\" decoding=\"async\" width=\"819\" height=\"1024\" src=\"https:\/\/ivorycoastcbhexpo.com\/wp-content\/uploads\/2026\/04\/Contest-01-819x1024.jpg\" class=\"attachment-large size-large wp-image-812\" alt=\"\" srcset=\"https:\/\/ivorycoastcbhexpo.com\/wp-content\/uploads\/2026\/04\/Contest-01-819x1024.jpg 819w, https:\/\/ivorycoastcbhexpo.com\/wp-content\/uploads\/2026\/04\/Contest-01-240x300.jpg 240w, https:\/\/ivorycoastcbhexpo.com\/wp-content\/uploads\/2026\/04\/Contest-01-768x960.jpg 768w, https:\/\/ivorycoastcbhexpo.com\/wp-content\/uploads\/2026\/04\/Contest-01-1229x1536.jpg 1229w, https:\/\/ivorycoastcbhexpo.com\/wp-content\/uploads\/2026\/04\/Contest-01-1639x2048.jpg 1639w, https:\/\/ivorycoastcbhexpo.com\/wp-content\/uploads\/2026\/04\/Contest-01-10x12.jpg 10w, https:\/\/ivorycoastcbhexpo.com\/wp-content\/uploads\/2026\/04\/Contest-01-scaled.jpg 2048w\" sizes=\"(max-width: 819px) 100vw, 819px\" \/>\t\t\t\t\t\t\t\t\t\t\t\t\t\t\t<\/div>\n\t\t\t\t<\/div>\n\t\t\t\t<\/div>\n\t\t<div class=\"elementor-element elementor-element-67761a7 e-con-full e-flex e-con e-child\" data-id=\"67761a7\" data-element_type=\"container\">\n\t\t\t\t<div class=\"elementor-element elementor-element-318a792 elementor-widget elementor-widget-text-editor\" data-id=\"318a792\" data-element_type=\"widget\" data-widget_type=\"text-editor.default\">\n\t\t\t\t<div class=\"elementor-widget-container\">\n\t\t\t\t\t\t\t\t\t<p>PARTICIPEZ AU GRAND CONCOURS MAKE UP ARTIST \u2013 CBH EXPO 2026<br><span style=\"font-style: inherit; font-weight: inherit;\">\u00c0 l\u2019occasion du CBH EXPO 2026, participez \u00e0 un concours de maquillage d\u2019exception d\u00e9di\u00e9 aux Make Up Artists, mettant \u00e0 l\u2019honneur cr\u00e9ativit\u00e9, technique et innovation.<\/span><\/p>\n<p><img decoding=\"async\" draggable=\"false\" role=\"img\" class=\"emoji\" alt=\"\ud83c\udfc6\" src=\"https:\/\/s.w.org\/images\/core\/emoji\/17.0.2\/svg\/1f3c6.svg\"> De nombreux prix sont \u00e0 gagner pour les meilleurs participants<\/p>\n<p><img decoding=\"async\" draggable=\"false\" role=\"img\" class=\"emoji\" alt=\"\ud83d\udcc5\" src=\"https:\/\/s.w.org\/images\/core\/emoji\/17.0.2\/svg\/1f4c5.svg\"> Date : 18 avril 2026<br><img decoding=\"async\" draggable=\"false\" role=\"img\" class=\"emoji\" alt=\"\ud83d\udccd\" src=\"https:\/\/s.w.org\/images\/core\/emoji\/17.0.2\/svg\/1f4cd.svg\"> Lieu : Parc des Expositions<\/p>\n<p><img decoding=\"async\" draggable=\"false\" role=\"img\" class=\"emoji\" alt=\"\u26a0\ufe0f\" src=\"https:\/\/s.w.org\/images\/core\/emoji\/17.0.2\/svg\/26a0.svg\"> Places limit\u00e9es \u2013 inscription obligatoire<br><img decoding=\"async\" draggable=\"false\" role=\"img\" class=\"emoji\" alt=\"\ud83d\udc49\" src=\"https:\/\/s.w.org\/images\/core\/emoji\/17.0.2\/svg\/1f449.svg\"> Inscription obligatoire avant le 10 avril 2026<\/p>\n<p><img decoding=\"async\" draggable=\"false\" role=\"img\" class=\"emoji\" alt=\"\ud83d\udcde\" src=\"https:\/\/s.w.org\/images\/core\/emoji\/17.0.2\/svg\/1f4de.svg\"> Informations &amp; r\u00e9servations : 05 65 06 63 02<\/p>\n<p>Exprimez votre univers artistique, affirmez votre style et saisissez cette opportunit\u00e9 unique de vous d\u00e9marquer sur la sc\u00e8ne professionnelle.<\/p>\t\t\t\t\t\t\t\t<\/div>\n\t\t\t\t<\/div>\n\t\t\t\t<div class=\"elementor-element elementor-element-f869785 elementor-widget elementor-widget-shortcode\" data-id=\"f869785\" data-element_type=\"widget\" data-widget_type=\"shortcode.default\">\n\t\t\t\t<div class=\"elementor-widget-container\">\n\t\t\t\t\t\t\t<div class=\"elementor-shortcode\">\n<div class=\"wpcf7 no-js\" id=\"wpcf7-f816-o1\" lang=\"tr-TR\" dir=\"ltr\" data-wpcf7-id=\"816\">\n<div class=\"screen-reader-response\"><p role=\"status\" aria-live=\"polite\" aria-atomic=\"true\"><\/p> <ul><\/ul><\/div>\n<form action=\"\/fr\/wp-json\/wp\/v2\/pages\/811#wpcf7-f816-o1\" method=\"post\" class=\"wpcf7-form init\" aria-label=\"\u0130leti\u015fim Formu\" novalidate=\"novalidate\" data-status=\"init\" data-trp-original-action=\"\/fr\/wp-json\/wp\/v2\/pages\/811#wpcf7-f816-o1\">\n<fieldset class=\"hidden-fields-container\"><input type=\"hidden\" name=\"_wpcf7\" value=\"816\" \/><input type=\"hidden\" name=\"_wpcf7_version\" value=\"6.1.5\" \/><input type=\"hidden\" name=\"_wpcf7_locale\" value=\"tr_TR\" \/><input type=\"hidden\" name=\"_wpcf7_unit_tag\" value=\"wpcf7-f816-o1\" \/><input type=\"hidden\" name=\"_wpcf7_container_post\" value=\"0\" \/><input type=\"hidden\" name=\"_wpcf7_posted_data_hash\" value=\"\" \/>\n<\/fieldset>\n<div class=\"cf7-grid-container\">\n\t<div class=\"cf7-row\">\n\t\t<div class=\"cf7-column\">\n\t\t\t<p><label> Nom et Pr\u00e9nom *<\/label><br \/>\n<span class=\"wpcf7-form-control-wrap\" data-name=\"your-name\"><input size=\"40\" maxlength=\"400\" class=\"wpcf7-form-control wpcf7-text wpcf7-validates-as-required\" aria-required=\"true\" aria-invalid=\"false\" placeholder=\"Jean Dupont\" value=\"\" type=\"text\" name=\"your-name\" \/><\/span>\n\t\t\t<\/p>\n\t\t<\/div>\n\t\t<div class=\"cf7-column\">\n\t\t\t<p><label> T\u00e9l\u00e9phone *<\/label><br \/>\n<span class=\"wpcf7-form-control-wrap\" data-name=\"your-phone\"><input size=\"40\" maxlength=\"400\" class=\"wpcf7-form-control wpcf7-tel wpcf7-validates-as-required wpcf7-text wpcf7-validates-as-tel\" aria-required=\"true\" aria-invalid=\"false\" placeholder=\"06 12 34 56 78\" value=\"\" type=\"tel\" name=\"your-phone\" \/><\/span>\n\t\t\t<\/p>\n\t\t<\/div>\n\t<\/div>\n\t<div class=\"cf7-row\">\n\t\t<div class=\"cf7-column\">\n\t\t\t<p><label> Adresse E-mail *<\/label><br \/>\n<span class=\"wpcf7-form-control-wrap\" data-name=\"your-email\"><input size=\"40\" maxlength=\"400\" class=\"wpcf7-form-control wpcf7-email wpcf7-validates-as-required wpcf7-text wpcf7-validates-as-email\" aria-required=\"true\" aria-invalid=\"false\" placeholder=\"email@exemple.com\" value=\"\" type=\"email\" name=\"your-email\" \/><\/span>\n\t\t\t<\/p>\n\t\t<\/div>\n\t\t<div class=\"cf7-column\">\n\t\t\t<p><label> Compte Instagram *<\/label><br \/>\n<span class=\"wpcf7-form-control-wrap\" data-name=\"your-social-link\"><input size=\"40\" maxlength=\"400\" class=\"wpcf7-form-control wpcf7-text wpcf7-validates-as-required\" aria-required=\"true\" aria-invalid=\"false\" placeholder=\"votre_pseudo ou lien URL\" value=\"\" type=\"text\" name=\"your-social-link\" \/><\/span>\n\t\t\t<\/p>\n\t\t<\/div>\n\t<\/div>\n\t<div class=\"cf7-full-width\">\n\t\t<p><label> Choisissez votre concours *<\/label><br \/>\n<span class=\"wpcf7-form-control-wrap\" data-name=\"menu-concours\"><select class=\"wpcf7-form-control wpcf7-select wpcf7-validates-as-required\" aria-required=\"true\" aria-invalid=\"false\" name=\"menu-concours\"><option value=\"\">Veuillez choisir une option<\/option><option value=\"Concours de Coiffure\">Concours de Coiffure<\/option><option value=\"Make-Up Artist\">Make-Up Artist<\/option><\/select><\/span>\n\t\t<\/p>\n\t<\/div>\n\t<div class=\"cf7-submit\">\n\t\t<p><input class=\"wpcf7-form-control wpcf7-submit has-spinner\" type=\"submit\" value=\"Envoyer la candidature\" \/>\n\t\t<\/p>\n\t<\/div>\n<\/div><div class=\"wpcf7-response-output\" aria-hidden=\"true\"><\/div>\n<input type=\"hidden\" name=\"trp-form-language\" value=\"fr\"\/><\/form>\n<\/div>\n<\/div>\n\t\t\t\t\t\t<\/div>\n\t\t\t\t<\/div>\n\t\t\t\t<\/div>\n\t\t\t\t\t<\/div>\n\t\t\t\t<\/div>\n\t\t\t\t<\/div>","protected":false},"excerpt":{"rendered":"<p>PARTICIPEZ AU GRAND CONCOURS MAKE UP ARTIST \u2013 CBH EXPO 2026\u00c0 l\u2019occasion du CBH EXPO 2026, participez \u00e0 un concours [&hellip;]<\/p>","protected":false},"author":1,"featured_media":0,"parent":0,"menu_order":0,"comment_status":"closed","ping_status":"closed","template":"","meta":{"site-sidebar-layout":"default","site-content-layout":"","ast-site-content-layout":"default","site-content-style":"default","site-sidebar-style":"default","ast-global-header-display":"","ast-banner-title-visibility":"","ast-main-header-display":"","ast-hfb-above-header-display":"","ast-hfb-below-header-display":"","ast-hfb-mobile-header-display":"","site-post-title":"","ast-breadcrumbs-content":"","ast-featured-img":"","footer-sml-layout":"","ast-disable-related-posts":"","theme-transparent-header-meta":"","adv-header-id-meta":"","stick-header-meta":"","header-above-stick-meta":"","header-main-stick-meta":"","header-below-stick-meta":"","astra-migrate-meta-layouts":"default","ast-page-background-enabled":"default","ast-page-background-meta":{"desktop":{"background-color":"var(--ast-global-color-5)","background-image":"","background-repeat":"repeat","background-position":"center center","background-size":"auto","background-attachment":"scroll","background-type":"","background-media":"","overlay-type":"","overlay-color":"","overlay-opacity":"","overlay-gradient":""},"tablet":{"background-color":"","background-image":"","background-repeat":"repeat","background-position":"center center","background-size":"auto","background-attachment":"scroll","background-type":"","background-media":"","overlay-type":"","overlay-color":"","overlay-opacity":"","overlay-gradient":""},"mobile":{"background-color":"","background-image":"","background-repeat":"repeat","background-position":"center center","background-size":"auto","background-attachment":"scroll","background-type":"","background-media":"","overlay-type":"","overlay-color":"","overlay-opacity":"","overlay-gradient":""}},"ast-content-background-meta":{"desktop":{"background-color":"var(--ast-global-color-4)","background-image":"","background-repeat":"repeat","background-position":"center center","background-size":"auto","background-attachment":"scroll","background-type":"","background-media":"","overlay-type":"","overlay-color":"","overlay-opacity":"","overlay-gradient":""},"tablet":{"background-color":"var(--ast-global-color-4)","background-image":"","background-repeat":"repeat","background-position":"center center","background-size":"auto","background-attachment":"scroll","background-type":"","background-media":"","overlay-type":"","overlay-color":"","overlay-opacity":"","overlay-gradient":""},"mobile":{"background-color":"var(--ast-global-color-4)","background-image":"","background-repeat":"repeat","background-position":"center center","background-size":"auto","background-attachment":"scroll","background-type":"","background-media":"","overlay-type":"","overlay-color":"","overlay-opacity":"","overlay-gradient":""}},"footnotes":""},"class_list":["post-811","page","type-page","status-publish","hentry"],"_links":{"self":[{"href":"https:\/\/ivorycoastcbhexpo.com\/fr\/wp-json\/wp\/v2\/pages\/811","targetHints":{"allow":["GET"]}}],"collection":[{"href":"https:\/\/ivorycoastcbhexpo.com\/fr\/wp-json\/wp\/v2\/pages"}],"about":[{"href":"https:\/\/ivorycoastcbhexpo.com\/fr\/wp-json\/wp\/v2\/types\/page"}],"author":[{"embeddable":true,"href":"https:\/\/ivorycoastcbhexpo.com\/fr\/wp-json\/wp\/v2\/users\/1"}],"replies":[{"embeddable":true,"href":"https:\/\/ivorycoastcbhexpo.com\/fr\/wp-json\/wp\/v2\/comments?post=811"}],"version-history":[{"count":9,"href":"https:\/\/ivorycoastcbhexpo.com\/fr\/wp-json\/wp\/v2\/pages\/811\/revisions"}],"predecessor-version":[{"id":824,"href":"https:\/\/ivorycoastcbhexpo.com\/fr\/wp-json\/wp\/v2\/pages\/811\/revisions\/824"}],"wp:attachment":[{"href":"https:\/\/ivorycoastcbhexpo.com\/fr\/wp-json\/wp\/v2\/media?parent=811"}],"curies":[{"name":"wp","href":"https:\/\/api.w.org\/{rel}","templated":true}]}}