{"id":343,"date":"2025-08-28T09:04:26","date_gmt":"2025-08-28T09:04:26","guid":{"rendered":"https:\/\/ivorycoastcbhexpo.com\/?page_id=343"},"modified":"2025-10-09T12:25:28","modified_gmt":"2025-10-09T12:25:28","slug":"press-release","status":"publish","type":"page","link":"https:\/\/ivorycoastcbhexpo.com\/fr\/press-release\/","title":{"rendered":"Communiqu\u00e9 de presse"},"content":{"rendered":"<div data-elementor-type=\"wp-page\" data-elementor-id=\"343\" class=\"elementor elementor-343\">\n\t\t\t\t<div class=\"elementor-element elementor-element-2b2ccd1 e-flex e-con-boxed e-con e-parent\" data-id=\"2b2ccd1\" data-element_type=\"container\" data-settings=\"{&quot;background_background&quot;:&quot;classic&quot;}\">\n\t\t\t\t\t<div class=\"e-con-inner\">\n\t\t<div class=\"elementor-element elementor-element-546639b e-con-full e-flex e-con e-child\" data-id=\"546639b\" data-element_type=\"container\">\n\t\t\t\t<div class=\"elementor-element elementor-element-533ad45 elementor-widget elementor-widget-heading\" data-id=\"533ad45\" data-element_type=\"widget\" data-widget_type=\"heading.default\">\n\t\t\t\t<div class=\"elementor-widget-container\">\n\t\t\t\t\t<h1 class=\"elementor-heading-title elementor-size-default\">COMMUNIQU\u00c9 DE PRESSE<\/h1>\t\t\t\t<\/div>\n\t\t\t\t<\/div>\n\t\t\t\t<\/div>\n\t\t\t\t\t<\/div>\n\t\t\t\t<\/div>\n\t\t<div class=\"elementor-element elementor-element-835ee94 e-flex e-con-boxed e-con e-parent\" data-id=\"835ee94\" data-element_type=\"container\">\n\t\t\t\t\t<div class=\"e-con-inner\">\n\t\t\t\t<div class=\"elementor-element elementor-element-2a13c1b elementor-widget elementor-widget-spacer\" data-id=\"2a13c1b\" data-element_type=\"widget\" data-widget_type=\"spacer.default\">\n\t\t\t\t<div class=\"elementor-widget-container\">\n\t\t\t\t\t\t\t<div class=\"elementor-spacer\">\n\t\t\t<div class=\"elementor-spacer-inner\"><\/div>\n\t\t<\/div>\n\t\t\t\t\t\t<\/div>\n\t\t\t\t<\/div>\n\t\t\t\t\t<\/div>\n\t\t\t\t<\/div>\n\t\t<div class=\"elementor-element elementor-element-ca3ea6d e-flex e-con-boxed e-con e-parent\" data-id=\"ca3ea6d\" data-element_type=\"container\">\n\t\t\t\t\t<div class=\"e-con-inner\">\n\t\t\t\t<div class=\"elementor-element elementor-element-d54eb07 elementor-widget elementor-widget-heading\" data-id=\"d54eb07\" data-element_type=\"widget\" data-widget_type=\"heading.default\">\n\t\t\t\t<div class=\"elementor-widget-container\">\n\t\t\t\t\t<h2 class=\"elementor-heading-title elementor-size-default\">C\u00f4te d'Ivoire CBH EXPO | Communiqu\u00e9s de presse<\/h2>\t\t\t\t<\/div>\n\t\t\t\t<\/div>\n\t\t\t\t\t<\/div>\n\t\t\t\t<\/div>\n\t\t<div class=\"elementor-element elementor-element-03346f5 e-flex e-con-boxed e-con e-parent\" data-id=\"03346f5\" data-element_type=\"container\">\n\t\t\t\t\t<div class=\"e-con-inner\">\n\t\t\t\t<div class=\"elementor-element elementor-element-39d62a4 elementor-widget elementor-widget-n-accordion\" data-id=\"39d62a4\" data-element_type=\"widget\" data-settings=\"{&quot;default_state&quot;:&quot;expanded&quot;,&quot;max_items_expended&quot;:&quot;one&quot;,&quot;n_accordion_animation_duration&quot;:{&quot;unit&quot;:&quot;ms&quot;,&quot;size&quot;:400,&quot;sizes&quot;:[]}}\" data-widget_type=\"nested-accordion.default\">\n\t\t\t\t<div class=\"elementor-widget-container\">\n\t\t\t\t\t\t\t<div class=\"e-n-accordion\" aria-label=\"Accord\u00e9on. Ouvrez les liens avec Enter ou Space, fermez-les avec Escape et naviguez avec les touches fl\u00e9ch\u00e9es.\">\n\t\t\t\t\t\t<details id=\"e-n-accordion-item-6060\" class=\"e-n-accordion-item\" open>\n\t\t\t\t<summary class=\"e-n-accordion-item-title\" data-accordion-index=\"1\" tabindex=\"0\" aria-expanded=\"true\" aria-controls=\"e-n-accordion-item-6060\" >\n\t\t\t\t\t<span class='e-n-accordion-item-title-header'><div class=\"e-n-accordion-item-title-text\"> ATLM Expo annonce le Salon International de la Cosm\u00e9tique, de la Beaut\u00e9 et de l'Hygi\u00e8ne en C\u00f4te d'Ivoire  <\/div><\/span>\n\t\t\t\t\t\t\t<span class='e-n-accordion-item-title-icon'>\n\t\t\t<span class='e-opened' ><svg aria-hidden=\"true\" class=\"e-font-icon-svg e-fas-minus\" viewbox=\"0 0 448 512\" xmlns=\"http:\/\/www.w3.org\/2000\/svg\"><path d=\"M416 208H32c-17.67 0-32 14.33-32 32v32c0 17.67 14.33 32 32 32h384c17.67 0 32-14.33 32-32v-32c0-17.67-14.33-32-32-32z\"><\/path><\/svg><\/span>\n\t\t\t<span class='e-closed'><svg aria-hidden=\"true\" class=\"e-font-icon-svg e-fas-plus\" viewbox=\"0 0 448 512\" xmlns=\"http:\/\/www.w3.org\/2000\/svg\"><path d=\"M416 208H272V64c0-17.67-14.33-32-32-32h-32c-17.67 0-32 14.33-32 32v144H32c-17.67 0-32 14.33-32 32v32c0 17.67 14.33 32 32 32h144v144c0 17.67 14.33 32 32 32h32c17.67 0 32-14.33 32-32V304h144c17.67 0 32-14.33 32-32v-32c0-17.67-14.33-32-32-32z\"><\/path><\/svg><\/span>\n\t\t<\/span>\n\n\t\t\t\t\t\t<\/summary>\n\t\t\t\t<div role=\"region\" aria-labelledby=\"e-n-accordion-item-6060\" class=\"elementor-element elementor-element-0a3a6e0 e-con-full e-flex e-con e-child\" data-id=\"0a3a6e0\" data-element_type=\"container\">\n\t\t\t\t<div class=\"elementor-element elementor-element-a23f605 elementor-widget elementor-widget-text-editor\" data-id=\"a23f605\" data-element_type=\"widget\" data-widget_type=\"text-editor.default\">\n\t\t\t\t<div class=\"elementor-widget-container\">\n\t\t\t\t\t\t\t\t\t<p><strong>ATLM Expo annonce le salon international de la cosm\u00e9tique, de la beaut\u00e9 et de l'hygi\u00e8ne en C\u00f4te d'Ivoire - <em>Une premi\u00e8re porte d'entr\u00e9e pour les marques mondiales sur le march\u00e9 \u00e0 croissance rapide de l'Afrique de l'Ouest<\/em><\/strong><\/p><p><strong>Abidjan, C\u00f4te d'Ivoire -<\/strong> ATLM Expo est fi\u00e8re d'annoncer le lancement de l'initiative <strong>Salon international de la cosm\u00e9tique, de la beaut\u00e9 et de l'hygi\u00e8ne 2026<\/strong>, pr\u00e9vue pour avoir lieu <strong>Du 16 au 18 avril 2026<\/strong> \u00e0 Abidjan.<\/p><p>Positionn\u00e9e comme l'une des <strong>les \u00e9v\u00e9nements les plus influents dans le domaine de la beaut\u00e9 et des cosm\u00e9tiques en Afrique de l'Ouest<\/strong>Cette exposition servira de <strong>une plateforme strat\u00e9gique pour les marques mondiales, les distributeurs et les leaders de l'industrie<\/strong> pour explorer de nouvelles opportunit\u00e9s, forger des partenariats et pr\u00e9senter les derni\u00e8res innovations en mati\u00e8re de cosm\u00e9tiques, de soins de la peau, de soins capillaires, d'hygi\u00e8ne et de bien-\u00eatre.<\/p><p><strong><em>Des opportunit\u00e9s in\u00e9gal\u00e9es pour les entreprises internationales et locales<\/em><\/strong><\/p><p>L'exposition est con\u00e7ue pour mettre en relation les d\u00e9cideurs des secteurs suivants <strong>Afrique de l'Ouest,<\/strong> <strong>Europe, Asie, Moyen-Orient et Afrique<\/strong> avec l'industrie de la beaut\u00e9 et de l'hygi\u00e8ne en pleine expansion en C\u00f4te d'Ivoire. Les participants b\u00e9n\u00e9ficieront d'un acc\u00e8s unique \u00e0 :<\/p><ul><li><strong>Programme d'acheteur h\u00e9berg\u00e9 :<\/strong> Des opportunit\u00e9s exclusives de rencontres B2B adapt\u00e9es aux cadres sup\u00e9rieurs, aux importateurs et aux distributeurs.<\/li><li><strong>La mise en r\u00e9seau mondiale :<\/strong> Engagement direct avec les producteurs et les fournisseurs de <strong>C\u00f4te d'Ivoire, Chine, Inde, France, Italie, Monaco, Maroc, Turquie et r\u00e9gion du Golfe<\/strong>.<\/li><li><strong>Aper\u00e7u du march\u00e9 :<\/strong> Exposition approfondie \u00e0 <strong>les nouvelles tendances de consommation, les innovations en mati\u00e8re de produits et les canaux de distribution<\/strong> en Afrique de l'Ouest.<\/li><\/ul><p><strong>Un p\u00f4le d'innovation et de croissance<\/strong><\/p><p>Outre les expositions, l'\u00e9v\u00e9nement comprendra <strong>des d\u00e9monstrations en direct, des lancements de produits et des sessions dirig\u00e9es par des experts<\/strong>Les participants pourront ainsi se familiariser avec les derni\u00e8res avanc\u00e9es de l'industrie des cosm\u00e9tiques et de l'hygi\u00e8ne. L'\u00e9v\u00e9nement devrait \u00e9galement attirer <strong>les acheteurs des secteurs de la vente au d\u00e9tail, du commerce \u00e9lectronique, des salons de coiffure, des pharmacies et du bien-\u00eatre<\/strong>Il s'agit donc d'une plateforme compl\u00e8te pour la croissance de l'industrie.<\/p><p>\"Cet \u00e9v\u00e9nement ne mettra pas seulement en lumi\u00e8re l'expertise internationale, mais permettra \u00e9galement au secteur de la beaut\u00e9 et de l'hygi\u00e8ne d'Afrique de l'Ouest d'atteindre de nouveaux sommets\", ont d\u00e9clar\u00e9 les organisateurs d'ATLM Expo. \"En r\u00e9unissant des leaders mondiaux et des acteurs locaux, l'exposition CBH de C\u00f4te d'Ivoire deviendra un catalyseur pour la croissance \u00e0 long terme des entreprises et l'innovation.\"<\/p><p><strong><em>\u00c0 propos d'ATLM Expo<\/em><\/strong><\/p><p><em>Fond\u00e9e en 1997, <strong>ATLM Expo<\/strong> s'est impos\u00e9e comme un leader mondial dans l'organisation <strong>foires et expositions \u00e0 fort impact<\/strong> dans plus de 35 pays. Avec un portefeuille diversifi\u00e9 couvrant <strong>Construction, immobilier, alimentation et boulangerie, cosm\u00e9tiques, mode, automobile, \u00e9lectricit\u00e9 et \u00e9nergie, syst\u00e8mes de chauffage, de ventilation et de climatisation, d\u00e9coration, h\u00f4tellerie et soins de sant\u00e9.<\/strong>ATLM Expo a organis\u00e9 avec succ\u00e8s des \u00e9v\u00e9nements de grande envergure dans les domaines suivants <strong>Nigeria, Maroc, S\u00e9n\u00e9gal, Irak, Kazakhstan, Ouzb\u00e9kistan et C\u00f4te d'Ivoire<\/strong>.<\/em><\/p><p><em>D\u00e9di\u00e9 \u00e0 <strong>mettre en relation les exportateurs avec les march\u00e9s \u00e9mergents dans le monde entier<\/strong>ATLM Expo continue de cr\u00e9er <strong>des plates-formes pr\u00e9cieuses pour la collaboration, l'innovation et la croissance durable<\/strong>tout en jouant un r\u00f4le essentiel dans le d\u00e9veloppement des industries et le soutien des \u00e9conomies locales.<\/em><\/p><p style=\"text-align: center;\"><a href=\"http:\/\/www.atilimfuar.com\/\">www.atilimfuar.com<\/a> | abidjan@atilimfuar.com | +225 07 16 91 55 00<\/p>\t\t\t\t\t\t\t\t<\/div>\n\t\t\t\t<\/div>\n\t\t\t\t<\/div>\n\t\t\t\t\t<\/details>\n\t\t\t\t\t<\/div>\n\t\t\t\t\t\t<\/div>\n\t\t\t\t<\/div>\n\t\t\t\t\t<\/div>\n\t\t\t\t<\/div>\n\t\t\t\t<\/div>","protected":false},"excerpt":{"rendered":"<p>PRESS RELEASE Ivory Coast CBH EXPO | Press Releases ATLM Expo Announces the International Cosmetics, Beauty &amp; Hygiene Exhibition in [&hellip;]<\/p>","protected":false},"author":1,"featured_media":0,"parent":0,"menu_order":0,"comment_status":"closed","ping_status":"closed","template":"","meta":{"site-sidebar-layout":"no-sidebar","site-content-layout":"","ast-site-content-layout":"full-width-container","site-content-style":"default","site-sidebar-style":"default","ast-global-header-display":"","ast-banner-title-visibility":"","ast-main-header-display":"","ast-hfb-above-header-display":"","ast-hfb-below-header-display":"","ast-hfb-mobile-header-display":"","site-post-title":"disabled","ast-breadcrumbs-content":"","ast-featured-img":"disabled","footer-sml-layout":"","ast-disable-related-posts":"","theme-transparent-header-meta":"","adv-header-id-meta":"","stick-header-meta":"","header-above-stick-meta":"","header-main-stick-meta":"","header-below-stick-meta":"","astra-migrate-meta-layouts":"default","ast-page-background-enabled":"default","ast-page-background-meta":{"desktop":{"background-color":"var(--ast-global-color-5)","background-image":"","background-repeat":"repeat","background-position":"center center","background-size":"auto","background-attachment":"scroll","background-type":"","background-media":"","overlay-type":"","overlay-color":"","overlay-opacity":"","overlay-gradient":""},"tablet":{"background-color":"","background-image":"","background-repeat":"repeat","background-position":"center center","background-size":"auto","background-attachment":"scroll","background-type":"","background-media":"","overlay-type":"","overlay-color":"","overlay-opacity":"","overlay-gradient":""},"mobile":{"background-color":"","background-image":"","background-repeat":"repeat","background-position":"center center","background-size":"auto","background-attachment":"scroll","background-type":"","background-media":"","overlay-type":"","overlay-color":"","overlay-opacity":"","overlay-gradient":""}},"ast-content-background-meta":{"desktop":{"background-color":"var(--ast-global-color-4)","background-image":"","background-repeat":"repeat","background-position":"center center","background-size":"auto","background-attachment":"scroll","background-type":"","background-media":"","overlay-type":"","overlay-color":"","overlay-opacity":"","overlay-gradient":""},"tablet":{"background-color":"var(--ast-global-color-4)","background-image":"","background-repeat":"repeat","background-position":"center center","background-size":"auto","background-attachment":"scroll","background-type":"","background-media":"","overlay-type":"","overlay-color":"","overlay-opacity":"","overlay-gradient":""},"mobile":{"background-color":"var(--ast-global-color-4)","background-image":"","background-repeat":"repeat","background-position":"center center","background-size":"auto","background-attachment":"scroll","background-type":"","background-media":"","overlay-type":"","overlay-color":"","overlay-opacity":"","overlay-gradient":""}},"footnotes":""},"class_list":["post-343","page","type-page","status-publish","hentry"],"_links":{"self":[{"href":"https:\/\/ivorycoastcbhexpo.com\/fr\/wp-json\/wp\/v2\/pages\/343","targetHints":{"allow":["GET"]}}],"collection":[{"href":"https:\/\/ivorycoastcbhexpo.com\/fr\/wp-json\/wp\/v2\/pages"}],"about":[{"href":"https:\/\/ivorycoastcbhexpo.com\/fr\/wp-json\/wp\/v2\/types\/page"}],"author":[{"embeddable":true,"href":"https:\/\/ivorycoastcbhexpo.com\/fr\/wp-json\/wp\/v2\/users\/1"}],"replies":[{"embeddable":true,"href":"https:\/\/ivorycoastcbhexpo.com\/fr\/wp-json\/wp\/v2\/comments?post=343"}],"version-history":[{"count":0,"href":"https:\/\/ivorycoastcbhexpo.com\/fr\/wp-json\/wp\/v2\/pages\/343\/revisions"}],"wp:attachment":[{"href":"https:\/\/ivorycoastcbhexpo.com\/fr\/wp-json\/wp\/v2\/media?parent=343"}],"curies":[{"name":"wp","href":"https:\/\/api.w.org\/{rel}","templated":true}]}}